{"id":111,"date":"2025-05-06T10:25:43","date_gmt":"2025-05-06T13:25:43","guid":{"rendered":"https:\/\/geofun.com.br\/?page_id=111"},"modified":"2025-05-26T16:03:19","modified_gmt":"2025-05-26T19:03:19","slug":"publicacoes","status":"publish","type":"page","link":"https:\/\/geofun.com.br\/en\/publicacoes\/","title":{"rendered":"Publications"},"content":{"rendered":"<div data-elementor-type=\"wp-page\" data-elementor-id=\"111\" class=\"elementor elementor-111\" data-elementor-post-type=\"page\">\n\t\t\t\t<div class=\"elementor-element elementor-element-129b17aa e-flex e-con-boxed e-con e-parent\" data-id=\"129b17aa\" data-element_type=\"container\" data-e-type=\"container\" data-settings=\"{&quot;background_background&quot;:&quot;classic&quot;}\">\n\t\t\t\t\t<div class=\"e-con-inner\">\n\t\t<div class=\"elementor-element elementor-element-74f700b1 e-con-full e-flex e-con e-child\" data-id=\"74f700b1\" data-element_type=\"container\" data-e-type=\"container\">\n\t\t\t\t<div class=\"elementor-element elementor-element-56df86a3 elementor-invisible elementor-widget elementor-widget-heading\" data-id=\"56df86a3\" data-element_type=\"widget\" data-e-type=\"widget\" data-settings=\"{&quot;_animation&quot;:&quot;fadeInUp&quot;,&quot;_animation_delay&quot;:200}\" data-widget_type=\"heading.default\">\n\t\t\t\t<div class=\"elementor-widget-container\">\n\t\t\t\t\t<h1 class=\"elementor-heading-title elementor-size-default\">Publications<\/h1>\t\t\t\t<\/div>\n\t\t\t\t<\/div>\n\t\t\t\t<div class=\"elementor-element elementor-element-62868a1f elementor-widget elementor-widget-heading\" data-id=\"62868a1f\" data-element_type=\"widget\" data-e-type=\"widget\" data-widget_type=\"heading.default\">\n\t\t\t\t<div class=\"elementor-widget-container\">\n\t\t\t\t\t<h4 class=\"elementor-heading-title elementor-size-default\">Publications that open doors to partnerships and growth.<\/h4>\t\t\t\t<\/div>\n\t\t\t\t<\/div>\n\t\t\t\t<\/div>\n\t\t\t\t\t<\/div>\n\t\t\t\t<\/div>\n\t\t<div class=\"elementor-element elementor-element-6a493c36 e-flex e-con-boxed e-con e-parent\" data-id=\"6a493c36\" data-element_type=\"container\" data-e-type=\"container\" id=\"publi\">\n\t\t\t\t\t<div class=\"e-con-inner\">\n\t\t<div class=\"elementor-element elementor-element-175f3df6 e-con-full e-grid e-con e-child\" data-id=\"175f3df6\" data-element_type=\"container\" data-e-type=\"container\">\n\t\t<div class=\"elementor-element elementor-element-0a319b1 e-con-full e-flex e-con e-child\" data-id=\"0a319b1\" data-element_type=\"container\" data-e-type=\"container\" id=\"cardoso-et-al\" data-settings=\"{&quot;background_background&quot;:&quot;classic&quot;}\">\n\t\t\t\t<div class=\"elementor-element elementor-element-4549978 elementor-widget elementor-widget-image\" data-id=\"4549978\" data-element_type=\"widget\" data-e-type=\"widget\" data-widget_type=\"image.default\">\n\t\t\t\t<div class=\"elementor-widget-container\">\n\t\t\t\t\t\t\t\t\t\t\t\t\t\t\t<img fetchpriority=\"high\" decoding=\"async\" width=\"710\" height=\"919\" src=\"https:\/\/geofun.com.br\/wp-content\/uploads\/2025\/05\/01-2023_Cardoso-et-al-UNSAT.png\" class=\"attachment-large size-large wp-image-379\" alt=\"\" srcset=\"https:\/\/geofun.com.br\/wp-content\/uploads\/2025\/05\/01-2023_Cardoso-et-al-UNSAT.png 710w, https:\/\/geofun.com.br\/wp-content\/uploads\/2025\/05\/01-2023_Cardoso-et-al-UNSAT-232x300.png 232w\" sizes=\"(max-width: 710px) 100vw, 710px\" \/>\t\t\t\t\t\t\t\t\t\t\t\t\t\t\t<\/div>\n\t\t\t\t<\/div>\n\t\t\t\t<div class=\"elementor-element elementor-element-fdbd042 elementor-widget elementor-widget-heading\" data-id=\"fdbd042\" data-element_type=\"widget\" data-e-type=\"widget\" data-widget_type=\"heading.default\">\n\t\t\t\t<div class=\"elementor-widget-container\">\n\t\t\t\t\t<h3 class=\"elementor-heading-title elementor-size-default\">UNSAT 2023 Conference<\/h3>\t\t\t\t<\/div>\n\t\t\t\t<\/div>\n\t\t\t\t<div class=\"elementor-element elementor-element-6b7232f elementor-widget elementor-widget-heading\" data-id=\"6b7232f\" data-element_type=\"widget\" data-e-type=\"widget\" data-widget_type=\"heading.default\">\n\t\t\t\t<div class=\"elementor-widget-container\">\n\t\t\t\t\t<h3 class=\"elementor-heading-title elementor-size-default\">UnSaLuDo: The development of an educational board game on unsaturated soil mechanics<\/h3>\t\t\t\t<\/div>\n\t\t\t\t<\/div>\n\t\t\t\t<div class=\"elementor-element elementor-element-28501c5 elementor-align-center elementor-widget elementor-widget-button\" data-id=\"28501c5\" data-element_type=\"widget\" data-e-type=\"widget\" data-widget_type=\"button.default\">\n\t\t\t\t<div class=\"elementor-widget-container\">\n\t\t\t\t\t\t\t\t\t<div class=\"elementor-button-wrapper\">\n\t\t\t\t\t<a class=\"elementor-button elementor-button-link elementor-size-sm\" href=\"https:\/\/geofun.com.br\/wp-content\/uploads\/2025\/05\/2023_Cardoso-et-al-UNSAT.pdf\" target=\"_blank\">\n\t\t\t\t\t\t<span class=\"elementor-button-content-wrapper\">\n\t\t\t\t\t\t<span class=\"elementor-button-icon\">\n\t\t\t\t<i aria-hidden=\"true\" class=\"ti-arrow-down\"><\/i>\t\t\t<\/span>\n\t\t\t\t\t\t\t\t\t<span class=\"elementor-button-text\">Download<\/span>\n\t\t\t\t\t<\/span>\n\t\t\t\t\t<\/a>\n\t\t\t\t<\/div>\n\t\t\t\t\t\t\t\t<\/div>\n\t\t\t\t<\/div>\n\t\t\t\t<\/div>\n\t\t<div class=\"elementor-element elementor-element-7efde76 e-con-full e-flex e-con e-child\" data-id=\"7efde76\" data-element_type=\"container\" data-e-type=\"container\" data-settings=\"{&quot;background_background&quot;:&quot;classic&quot;}\">\n\t\t\t\t<div class=\"elementor-element elementor-element-799adcd elementor-widget elementor-widget-image\" data-id=\"799adcd\" data-element_type=\"widget\" data-e-type=\"widget\" data-widget_type=\"image.default\">\n\t\t\t\t<div class=\"elementor-widget-container\">\n\t\t\t\t\t\t\t\t\t\t\t\t\t\t\t<img decoding=\"async\" width=\"710\" height=\"919\" src=\"https:\/\/geofun.com.br\/wp-content\/uploads\/2025\/05\/02-2024_BorgesChrusciakLopes-COBRAMSEG.png\" class=\"attachment-large size-large wp-image-380\" alt=\"\" srcset=\"https:\/\/geofun.com.br\/wp-content\/uploads\/2025\/05\/02-2024_BorgesChrusciakLopes-COBRAMSEG.png 710w, https:\/\/geofun.com.br\/wp-content\/uploads\/2025\/05\/02-2024_BorgesChrusciakLopes-COBRAMSEG-232x300.png 232w\" sizes=\"(max-width: 710px) 100vw, 710px\" \/>\t\t\t\t\t\t\t\t\t\t\t\t\t\t\t<\/div>\n\t\t\t\t<\/div>\n\t\t\t\t<div class=\"elementor-element elementor-element-b2fb712 elementor-widget elementor-widget-heading\" data-id=\"b2fb712\" data-element_type=\"widget\" data-e-type=\"widget\" data-widget_type=\"heading.default\">\n\t\t\t\t<div class=\"elementor-widget-container\">\n\t\t\t\t\t<h3 class=\"elementor-heading-title elementor-size-default\">COBRAMSEG 2024 Conference<\/h3>\t\t\t\t<\/div>\n\t\t\t\t<\/div>\n\t\t\t\t<div class=\"elementor-element elementor-element-3b6d347 elementor-widget elementor-widget-heading\" data-id=\"3b6d347\" data-element_type=\"widget\" data-e-type=\"widget\" data-widget_type=\"heading.default\">\n\t\t\t\t<div class=\"elementor-widget-container\">\n\t\t\t\t\t<h3 class=\"elementor-heading-title elementor-size-default\">Faculty Experiences in the Development and Implementation of Active Learning Methodologies in Geotechnical Engineering Education (in Portuguese)<\/h3>\t\t\t\t<\/div>\n\t\t\t\t<\/div>\n\t\t\t\t<div class=\"elementor-element elementor-element-f3ab556 elementor-align-center elementor-widget elementor-widget-button\" data-id=\"f3ab556\" data-element_type=\"widget\" data-e-type=\"widget\" data-widget_type=\"button.default\">\n\t\t\t\t<div class=\"elementor-widget-container\">\n\t\t\t\t\t\t\t\t\t<div class=\"elementor-button-wrapper\">\n\t\t\t\t\t<a class=\"elementor-button elementor-button-link elementor-size-sm\" href=\"https:\/\/geofun.com.br\/wp-content\/uploads\/2025\/05\/2024_BorgesChrusciakLopes-COBRAMSEG.pdf\" target=\"_blank\">\n\t\t\t\t\t\t<span class=\"elementor-button-content-wrapper\">\n\t\t\t\t\t\t<span class=\"elementor-button-icon\">\n\t\t\t\t<i aria-hidden=\"true\" class=\"ti-arrow-down\"><\/i>\t\t\t<\/span>\n\t\t\t\t\t\t\t\t\t<span class=\"elementor-button-text\">Download<\/span>\n\t\t\t\t\t<\/span>\n\t\t\t\t\t<\/a>\n\t\t\t\t<\/div>\n\t\t\t\t\t\t\t\t<\/div>\n\t\t\t\t<\/div>\n\t\t\t\t<\/div>\n\t\t<div class=\"elementor-element elementor-element-7f5fe18 e-con-full e-flex e-con e-child\" data-id=\"7f5fe18\" data-element_type=\"container\" data-e-type=\"container\" id=\"chrusciak-et-at-soils\" data-settings=\"{&quot;background_background&quot;:&quot;classic&quot;}\">\n\t\t\t\t<div class=\"elementor-element elementor-element-9abd9d4 elementor-widget elementor-widget-image\" data-id=\"9abd9d4\" data-element_type=\"widget\" data-e-type=\"widget\" data-widget_type=\"image.default\">\n\t\t\t\t<div class=\"elementor-widget-container\">\n\t\t\t\t\t\t\t\t\t\t\t\t\t\t\t<img decoding=\"async\" width=\"710\" height=\"919\" src=\"https:\/\/geofun.com.br\/wp-content\/uploads\/2025\/05\/03-2024_Chrusciak-et-at-SoilsRocks.png\" class=\"attachment-large size-large wp-image-381\" alt=\"\" srcset=\"https:\/\/geofun.com.br\/wp-content\/uploads\/2025\/05\/03-2024_Chrusciak-et-at-SoilsRocks.png 710w, https:\/\/geofun.com.br\/wp-content\/uploads\/2025\/05\/03-2024_Chrusciak-et-at-SoilsRocks-232x300.png 232w\" sizes=\"(max-width: 710px) 100vw, 710px\" \/>\t\t\t\t\t\t\t\t\t\t\t\t\t\t\t<\/div>\n\t\t\t\t<\/div>\n\t\t\t\t<div class=\"elementor-element elementor-element-75eb2fc elementor-widget elementor-widget-heading\" data-id=\"75eb2fc\" data-element_type=\"widget\" data-e-type=\"widget\" data-widget_type=\"heading.default\">\n\t\t\t\t<div class=\"elementor-widget-container\">\n\t\t\t\t\t<h3 class=\"elementor-heading-title elementor-size-default\">Soils &amp; Rocks Journal 2024<\/h3>\t\t\t\t<\/div>\n\t\t\t\t<\/div>\n\t\t\t\t<div class=\"elementor-element elementor-element-27ffc98 elementor-widget elementor-widget-heading\" data-id=\"27ffc98\" data-element_type=\"widget\" data-e-type=\"widget\" data-widget_type=\"heading.default\">\n\t\t\t\t<div class=\"elementor-widget-container\">\n\t\t\t\t\t<h3 class=\"elementor-heading-title elementor-size-default\">The development and evaluation of an educational board game \non basic geotechnical soil characterization<\/h3>\t\t\t\t<\/div>\n\t\t\t\t<\/div>\n\t\t\t\t<div class=\"elementor-element elementor-element-cae7c4e elementor-align-center elementor-widget elementor-widget-button\" data-id=\"cae7c4e\" data-element_type=\"widget\" data-e-type=\"widget\" data-widget_type=\"button.default\">\n\t\t\t\t<div class=\"elementor-widget-container\">\n\t\t\t\t\t\t\t\t\t<div class=\"elementor-button-wrapper\">\n\t\t\t\t\t<a class=\"elementor-button elementor-button-link elementor-size-sm\" href=\"https:\/\/geofun.com.br\/wp-content\/uploads\/2025\/05\/2024_Chrusciak-et-at-SoilsRocks.pdf\" target=\"_blank\">\n\t\t\t\t\t\t<span class=\"elementor-button-content-wrapper\">\n\t\t\t\t\t\t<span class=\"elementor-button-icon\">\n\t\t\t\t<i aria-hidden=\"true\" class=\"ti-arrow-down\"><\/i>\t\t\t<\/span>\n\t\t\t\t\t\t\t\t\t<span class=\"elementor-button-text\">Download<\/span>\n\t\t\t\t\t<\/span>\n\t\t\t\t\t<\/a>\n\t\t\t\t<\/div>\n\t\t\t\t\t\t\t\t<\/div>\n\t\t\t\t<\/div>\n\t\t\t\t<\/div>\n\t\t<div class=\"elementor-element elementor-element-8ee4e3b e-con-full e-flex e-con e-child\" data-id=\"8ee4e3b\" data-element_type=\"container\" data-e-type=\"container\" data-settings=\"{&quot;background_background&quot;:&quot;classic&quot;}\">\n\t\t\t\t<div class=\"elementor-element elementor-element-a060f40 elementor-widget elementor-widget-image\" data-id=\"a060f40\" data-element_type=\"widget\" data-e-type=\"widget\" data-widget_type=\"image.default\">\n\t\t\t\t<div class=\"elementor-widget-container\">\n\t\t\t\t\t\t\t\t\t\t\t\t\t\t\t<img loading=\"lazy\" decoding=\"async\" width=\"710\" height=\"919\" src=\"https:\/\/geofun.com.br\/wp-content\/uploads\/2025\/05\/04-2024_ChrusciakLopes-COBRAMSEG.png\" class=\"attachment-large size-large wp-image-382\" alt=\"\" srcset=\"https:\/\/geofun.com.br\/wp-content\/uploads\/2025\/05\/04-2024_ChrusciakLopes-COBRAMSEG.png 710w, https:\/\/geofun.com.br\/wp-content\/uploads\/2025\/05\/04-2024_ChrusciakLopes-COBRAMSEG-232x300.png 232w\" sizes=\"(max-width: 710px) 100vw, 710px\" \/>\t\t\t\t\t\t\t\t\t\t\t\t\t\t\t<\/div>\n\t\t\t\t<\/div>\n\t\t\t\t<div class=\"elementor-element elementor-element-809c83f elementor-widget elementor-widget-heading\" data-id=\"809c83f\" data-element_type=\"widget\" data-e-type=\"widget\" data-widget_type=\"heading.default\">\n\t\t\t\t<div class=\"elementor-widget-container\">\n\t\t\t\t\t<h3 class=\"elementor-heading-title elementor-size-default\">COBRAMSEG 2024 Conference<\/h3>\t\t\t\t<\/div>\n\t\t\t\t<\/div>\n\t\t\t\t<div class=\"elementor-element elementor-element-6128989 elementor-widget elementor-widget-heading\" data-id=\"6128989\" data-element_type=\"widget\" data-e-type=\"widget\" data-widget_type=\"heading.default\">\n\t\t\t\t<div class=\"elementor-widget-container\">\n\t\t\t\t\t<h3 class=\"elementor-heading-title elementor-size-default\">Educators' Perspectives on Innovation in Soil Mechanics Education: A Case Study of the GeoFUN Project (in Portuguese)<\/h3>\t\t\t\t<\/div>\n\t\t\t\t<\/div>\n\t\t\t\t<div class=\"elementor-element elementor-element-52475b2 elementor-align-center elementor-widget elementor-widget-button\" data-id=\"52475b2\" data-element_type=\"widget\" data-e-type=\"widget\" data-widget_type=\"button.default\">\n\t\t\t\t<div class=\"elementor-widget-container\">\n\t\t\t\t\t\t\t\t\t<div class=\"elementor-button-wrapper\">\n\t\t\t\t\t<a class=\"elementor-button elementor-button-link elementor-size-sm\" href=\"https:\/\/geofun.com.br\/wp-content\/uploads\/2025\/05\/2024_ChrusciakLopes-COBRAMSEG.pdf\" target=\"_blank\">\n\t\t\t\t\t\t<span class=\"elementor-button-content-wrapper\">\n\t\t\t\t\t\t<span class=\"elementor-button-icon\">\n\t\t\t\t<i aria-hidden=\"true\" class=\"ti-arrow-down\"><\/i>\t\t\t<\/span>\n\t\t\t\t\t\t\t\t\t<span class=\"elementor-button-text\">Download<\/span>\n\t\t\t\t\t<\/span>\n\t\t\t\t\t<\/a>\n\t\t\t\t<\/div>\n\t\t\t\t\t\t\t\t<\/div>\n\t\t\t\t<\/div>\n\t\t\t\t<\/div>\n\t\t<div class=\"elementor-element elementor-element-db9a1be e-con-full e-flex e-con e-child\" data-id=\"db9a1be\" data-element_type=\"container\" data-e-type=\"container\" id=\"lopes-lopes\" data-settings=\"{&quot;background_background&quot;:&quot;classic&quot;}\">\n\t\t\t\t<div class=\"elementor-element elementor-element-ce97c4a elementor-widget elementor-widget-image\" data-id=\"ce97c4a\" data-element_type=\"widget\" data-e-type=\"widget\" data-widget_type=\"image.default\">\n\t\t\t\t<div class=\"elementor-widget-container\">\n\t\t\t\t\t\t\t\t\t\t\t\t\t\t\t<img loading=\"lazy\" decoding=\"async\" width=\"710\" height=\"919\" src=\"https:\/\/geofun.com.br\/wp-content\/uploads\/2025\/05\/05-2024_LopesLopes-VII-CIM.png\" class=\"attachment-large size-large wp-image-383\" alt=\"\" srcset=\"https:\/\/geofun.com.br\/wp-content\/uploads\/2025\/05\/05-2024_LopesLopes-VII-CIM.png 710w, https:\/\/geofun.com.br\/wp-content\/uploads\/2025\/05\/05-2024_LopesLopes-VII-CIM-232x300.png 232w\" sizes=\"(max-width: 710px) 100vw, 710px\" \/>\t\t\t\t\t\t\t\t\t\t\t\t\t\t\t<\/div>\n\t\t\t\t<\/div>\n\t\t\t\t<div class=\"elementor-element elementor-element-a1f5928 elementor-widget elementor-widget-heading\" data-id=\"a1f5928\" data-element_type=\"widget\" data-e-type=\"widget\" data-widget_type=\"heading.default\">\n\t\t\t\t<div class=\"elementor-widget-container\">\n\t\t\t\t\t<h3 class=\"elementor-heading-title elementor-size-default\">VII CIM 2024 Conference<\/h3>\t\t\t\t<\/div>\n\t\t\t\t<\/div>\n\t\t\t\t<div class=\"elementor-element elementor-element-53edb68 elementor-widget elementor-widget-heading\" data-id=\"53edb68\" data-element_type=\"widget\" data-e-type=\"widget\" data-widget_type=\"heading.default\">\n\t\t\t\t<div class=\"elementor-widget-container\">\n\t\t\t\t\t<h3 class=\"elementor-heading-title elementor-size-default\">Educational Resources: Reinventing Foundation Engineering Education with Interactive Simulations (in Portuguese)  <\/h3>\t\t\t\t<\/div>\n\t\t\t\t<\/div>\n\t\t\t\t<div class=\"elementor-element elementor-element-ea9104e elementor-align-center elementor-widget elementor-widget-button\" data-id=\"ea9104e\" data-element_type=\"widget\" data-e-type=\"widget\" data-widget_type=\"button.default\">\n\t\t\t\t<div class=\"elementor-widget-container\">\n\t\t\t\t\t\t\t\t\t<div class=\"elementor-button-wrapper\">\n\t\t\t\t\t<a class=\"elementor-button elementor-button-link elementor-size-sm\" href=\"https:\/\/geofun.com.br\/wp-content\/uploads\/2025\/05\/2024_LopesLopes-VII-CIM.pdf\" target=\"_blank\">\n\t\t\t\t\t\t<span class=\"elementor-button-content-wrapper\">\n\t\t\t\t\t\t<span class=\"elementor-button-icon\">\n\t\t\t\t<i aria-hidden=\"true\" class=\"ti-arrow-down\"><\/i>\t\t\t<\/span>\n\t\t\t\t\t\t\t\t\t<span class=\"elementor-button-text\">Download<\/span>\n\t\t\t\t\t<\/span>\n\t\t\t\t\t<\/a>\n\t\t\t\t<\/div>\n\t\t\t\t\t\t\t\t<\/div>\n\t\t\t\t<\/div>\n\t\t\t\t<\/div>\n\t\t<div class=\"elementor-element elementor-element-a25e36e e-con-full e-flex e-con e-child\" data-id=\"a25e36e\" data-element_type=\"container\" data-e-type=\"container\" data-settings=\"{&quot;background_background&quot;:&quot;classic&quot;}\">\n\t\t\t\t<div class=\"elementor-element elementor-element-ec80909 elementor-widget elementor-widget-image\" data-id=\"ec80909\" data-element_type=\"widget\" data-e-type=\"widget\" data-widget_type=\"image.default\">\n\t\t\t\t<div class=\"elementor-widget-container\">\n\t\t\t\t\t\t\t\t\t\t\t\t\t\t\t<img loading=\"lazy\" decoding=\"async\" width=\"710\" height=\"919\" src=\"https:\/\/geofun.com.br\/wp-content\/uploads\/2025\/05\/06-2024_Mascarenha-et-al-COBRAMSEG.png\" class=\"attachment-large size-large wp-image-384\" alt=\"\" srcset=\"https:\/\/geofun.com.br\/wp-content\/uploads\/2025\/05\/06-2024_Mascarenha-et-al-COBRAMSEG.png 710w, https:\/\/geofun.com.br\/wp-content\/uploads\/2025\/05\/06-2024_Mascarenha-et-al-COBRAMSEG-232x300.png 232w\" sizes=\"(max-width: 710px) 100vw, 710px\" \/>\t\t\t\t\t\t\t\t\t\t\t\t\t\t\t<\/div>\n\t\t\t\t<\/div>\n\t\t\t\t<div class=\"elementor-element elementor-element-f090ca1 elementor-widget elementor-widget-heading\" data-id=\"f090ca1\" data-element_type=\"widget\" data-e-type=\"widget\" data-widget_type=\"heading.default\">\n\t\t\t\t<div class=\"elementor-widget-container\">\n\t\t\t\t\t<h3 class=\"elementor-heading-title elementor-size-default\">COBRAMSEG 2024 Conference<\/h3>\t\t\t\t<\/div>\n\t\t\t\t<\/div>\n\t\t\t\t<div class=\"elementor-element elementor-element-dc3a1d2 elementor-widget elementor-widget-heading\" data-id=\"dc3a1d2\" data-element_type=\"widget\" data-e-type=\"widget\" data-widget_type=\"heading.default\">\n\t\t\t\t<div class=\"elementor-widget-container\">\n\t\t\t\t\t<h3 class=\"elementor-heading-title elementor-size-default\">Development of an Educational Game for Teaching and Learning about Tropical Soils in Postgraduate Education (in Portuguese)  <\/h3>\t\t\t\t<\/div>\n\t\t\t\t<\/div>\n\t\t\t\t<div class=\"elementor-element elementor-element-c9e821f elementor-align-center elementor-widget elementor-widget-button\" data-id=\"c9e821f\" data-element_type=\"widget\" data-e-type=\"widget\" data-widget_type=\"button.default\">\n\t\t\t\t<div class=\"elementor-widget-container\">\n\t\t\t\t\t\t\t\t\t<div class=\"elementor-button-wrapper\">\n\t\t\t\t\t<a class=\"elementor-button elementor-button-link elementor-size-sm\" href=\"https:\/\/geofun.com.br\/wp-content\/uploads\/2025\/05\/2024_Mascarenha-et-al-COBRAMSEG.pdf\" target=\"_blank\">\n\t\t\t\t\t\t<span class=\"elementor-button-content-wrapper\">\n\t\t\t\t\t\t<span class=\"elementor-button-icon\">\n\t\t\t\t<i aria-hidden=\"true\" class=\"ti-arrow-down\"><\/i>\t\t\t<\/span>\n\t\t\t\t\t\t\t\t\t<span class=\"elementor-button-text\">Download<\/span>\n\t\t\t\t\t<\/span>\n\t\t\t\t\t<\/a>\n\t\t\t\t<\/div>\n\t\t\t\t\t\t\t\t<\/div>\n\t\t\t\t<\/div>\n\t\t\t\t<\/div>\n\t\t\t\t<\/div>\n\t\t\t\t\t<\/div>\n\t\t\t\t<\/div>\n\t\t<div class=\"elementor-element elementor-element-5d0ffd0a e-flex e-con-boxed e-con e-parent\" data-id=\"5d0ffd0a\" data-element_type=\"container\" data-e-type=\"container\">\n\t\t\t\t\t<div class=\"e-con-inner\">\n\t\t<div class=\"elementor-element elementor-element-7dd4833 e-flex e-con-boxed e-con e-child\" data-id=\"7dd4833\" data-element_type=\"container\" data-e-type=\"container\" data-settings=\"{&quot;background_background&quot;:&quot;classic&quot;}\">\n\t\t\t\t\t<div class=\"e-con-inner\">\n\t\t<div class=\"elementor-element elementor-element-2db0b962 e-con-full e-flex elementor-invisible e-con e-child\" data-id=\"2db0b962\" data-element_type=\"container\" data-e-type=\"container\" data-settings=\"{&quot;animation&quot;:&quot;fadeInLeft&quot;}\">\n\t\t\t\t<div class=\"elementor-element elementor-element-76f2d613 elementor-widget__width-initial elementor-widget elementor-widget-heading\" data-id=\"76f2d613\" data-element_type=\"widget\" data-e-type=\"widget\" data-widget_type=\"heading.default\">\n\t\t\t\t<div class=\"elementor-widget-container\">\n\t\t\t\t\t<div class=\"elementor-heading-title elementor-size-default\">Knowledge within your reach.<\/div>\t\t\t\t<\/div>\n\t\t\t\t<\/div>\n\t\t\t\t<div class=\"elementor-element elementor-element-4657f33a elementor-widget__width-initial elementor-widget elementor-widget-text-editor\" data-id=\"4657f33a\" data-element_type=\"widget\" data-e-type=\"widget\" data-widget_type=\"text-editor.default\">\n\t\t\t\t<div class=\"elementor-widget-container\">\n\t\t\t\t\t\t\t\t\t<p>Discover, learn and share our publications with those who also want to go further.<\/p>\t\t\t\t\t\t\t\t<\/div>\n\t\t\t\t<\/div>\n\t\t\t\t<\/div>\n\t\t<div class=\"elementor-element elementor-element-24b77bac e-con-full e-flex elementor-invisible e-con e-child\" data-id=\"24b77bac\" data-element_type=\"container\" data-e-type=\"container\" data-settings=\"{&quot;animation&quot;:&quot;fadeInUp&quot;}\">\n\t\t\t\t<div class=\"elementor-element elementor-element-4aca4ba3 elementor-widget elementor-widget-image\" data-id=\"4aca4ba3\" data-element_type=\"widget\" data-e-type=\"widget\" data-widget_type=\"image.default\">\n\t\t\t\t<div class=\"elementor-widget-container\">\n\t\t\t\t\t\t\t\t\t\t\t\t\t\t\t<img loading=\"lazy\" decoding=\"async\" width=\"800\" height=\"800\" src=\"https:\/\/geofun.com.br\/wp-content\/uploads\/2025\/05\/Proj3D_MainLogo-6-1024x1024.png\" class=\"attachment-large size-large wp-image-1482\" alt=\"Geotecnia Ambiental\" srcset=\"https:\/\/geofun.com.br\/wp-content\/uploads\/2025\/05\/Proj3D_MainLogo-6-1024x1024.png 1024w, https:\/\/geofun.com.br\/wp-content\/uploads\/2025\/05\/Proj3D_MainLogo-6-300x300.png 300w, https:\/\/geofun.com.br\/wp-content\/uploads\/2025\/05\/Proj3D_MainLogo-6-150x150.png 150w, https:\/\/geofun.com.br\/wp-content\/uploads\/2025\/05\/Proj3D_MainLogo-6-768x768.png 768w, https:\/\/geofun.com.br\/wp-content\/uploads\/2025\/05\/Proj3D_MainLogo-6-1536x1536.png 1536w, https:\/\/geofun.com.br\/wp-content\/uploads\/2025\/05\/Proj3D_MainLogo-6-12x12.png 12w, https:\/\/geofun.com.br\/wp-content\/uploads\/2025\/05\/Proj3D_MainLogo-6.png 1563w\" sizes=\"(max-width: 800px) 100vw, 800px\" \/>\t\t\t\t\t\t\t\t\t\t\t\t\t\t\t<\/div>\n\t\t\t\t<\/div>\n\t\t\t\t<\/div>\n\t\t\t\t\t<\/div>\n\t\t\t\t<\/div>\n\t\t\t\t\t<\/div>\n\t\t\t\t<\/div>\n\t\t\t\t<\/div>","protected":false},"excerpt":{"rendered":"<p>Publica\u00e7\u00f5es que abrem portas para parcerias e crescimento. Congresso UNSAT 2023 UnSaLuDo: The development of an educational board game on unsaturated soil mechanics Download Congresso COBRAMSEG 2024 A experi\u00eancias de docentes no desenvolvimento e implementa\u00e7\u00e3o de metodologias ativas no ensino de geotecnia Download Revista Soils &#038; Rocks 2024 The development and evaluation of an educational [&hellip;]<\/p>","protected":false},"author":1,"featured_media":0,"parent":0,"menu_order":0,"comment_status":"closed","ping_status":"closed","template":"elementor_header_footer","meta":{"footnotes":""},"class_list":["post-111","page","type-page","status-publish","hentry"],"_links":{"self":[{"href":"https:\/\/geofun.com.br\/en\/wp-json\/wp\/v2\/pages\/111","targetHints":{"allow":["GET"]}}],"collection":[{"href":"https:\/\/geofun.com.br\/en\/wp-json\/wp\/v2\/pages"}],"about":[{"href":"https:\/\/geofun.com.br\/en\/wp-json\/wp\/v2\/types\/page"}],"author":[{"embeddable":true,"href":"https:\/\/geofun.com.br\/en\/wp-json\/wp\/v2\/users\/1"}],"replies":[{"embeddable":true,"href":"https:\/\/geofun.com.br\/en\/wp-json\/wp\/v2\/comments?post=111"}],"version-history":[{"count":6,"href":"https:\/\/geofun.com.br\/en\/wp-json\/wp\/v2\/pages\/111\/revisions"}],"predecessor-version":[{"id":1486,"href":"https:\/\/geofun.com.br\/en\/wp-json\/wp\/v2\/pages\/111\/revisions\/1486"}],"wp:attachment":[{"href":"https:\/\/geofun.com.br\/en\/wp-json\/wp\/v2\/media?parent=111"}],"curies":[{"name":"wp","href":"https:\/\/api.w.org\/{rel}","templated":true}]}}